{"id":2374,"date":"2022-09-06T19:25:22","date_gmt":"2022-09-06T17:25:22","guid":{"rendered":"https:\/\/blau.expert\/about-us\/"},"modified":"2022-11-02T18:17:29","modified_gmt":"2022-11-02T17:17:29","slug":"about-us","status":"publish","type":"page","link":"https:\/\/blau.expert\/en\/about-us\/","title":{"rendered":"about us"},"content":{"rendered":"\t\t<div data-elementor-type=\"wp-page\" data-elementor-id=\"2374\" class=\"elementor elementor-2374 elementor-2311\" data-elementor-post-type=\"page\">\n\t\t\t\t\t\t<section class=\"elementor-section elementor-top-section elementor-element elementor-element-a7d6490 about-us-container elementor-section-content-middle elementor-section-boxed elementor-section-height-default elementor-section-height-default\" data-id=\"a7d6490\" data-element_type=\"section\">\n\t\t\t\t\t\t<div class=\"elementor-container elementor-column-gap-default\">\n\t\t\t\t\t<div class=\"elementor-column elementor-col-50 elementor-top-column elementor-element elementor-element-77216a0\" data-id=\"77216a0\" data-element_type=\"column\">\n\t\t\t<div class=\"elementor-widget-wrap elementor-element-populated\">\n\t\t\t\t\t\t<div class=\"elementor-element elementor-element-d7b3d60 elementor-widget elementor-widget-text-editor\" data-id=\"d7b3d60\" data-element_type=\"widget\" data-widget_type=\"text-editor.default\">\n\t\t\t\t<div class=\"elementor-widget-container\">\n\t\t\t\t\t\t\t\t\t<p>Welcome to the digital community of mittelstand!<\/p>\n\t\t\t\t\t\t\t\t<\/div>\n\t\t\t\t<\/div>\n\t\t\t\t<div class=\"elementor-element elementor-element-8e15945 elementor-widget elementor-widget-text-editor\" data-id=\"8e15945\" data-element_type=\"widget\" data-widget_type=\"text-editor.default\">\n\t\t\t\t<div class=\"elementor-widget-container\">\n\t\t\t\t\t\t\t\t\t<p>At <strong>blau.expert<\/strong>, doers from mittelstand, companies inform themselves about current developments in the digital scene. <strong>blau.expert<\/strong> traces current events, presents news from companies and bright minds, reports from research, development and the legal sector. <strong>blau.expert<\/strong> is made as a working tool for people in responsible positions. <\/p>\n\t\t\t\t\t\t\t\t<\/div>\n\t\t\t\t<\/div>\n\t\t\t\t\t<\/div>\n\t\t<\/div>\n\t\t\t\t<div class=\"elementor-column elementor-col-50 elementor-top-column elementor-element elementor-element-899451a\" data-id=\"899451a\" data-element_type=\"column\">\n\t\t\t<div class=\"elementor-widget-wrap elementor-element-populated\">\n\t\t\t\t\t\t<div class=\"elementor-element elementor-element-38a5452 elementor-widget elementor-widget-image\" data-id=\"38a5452\" data-element_type=\"widget\" data-widget_type=\"image.default\">\n\t\t\t\t<div class=\"elementor-widget-container\">\n\t\t\t\t\t\t\t\t\t\t\t\t\t\t\t<img decoding=\"async\" width=\"1\" height=\"1\" src=\"https:\/\/blau.expert\/app\/uploads\/2022\/09\/ueber-uns-netzwerk_2.svg\" class=\"attachment-large size-large wp-image-2734\" alt=\"\" \/>\t\t\t\t\t\t\t\t\t\t\t\t\t\t\t<\/div>\n\t\t\t\t<\/div>\n\t\t\t\t\t<\/div>\n\t\t<\/div>\n\t\t\t\t\t<\/div>\n\t\t<\/section>\n\t\t\t\t<section class=\"elementor-section elementor-top-section elementor-element elementor-element-e7ae728 about-us-container elementor-section-content-middle elementor-reverse-mobile elementor-section-boxed elementor-section-height-default elementor-section-height-default\" data-id=\"e7ae728\" data-element_type=\"section\">\n\t\t\t\t\t\t<div class=\"elementor-container elementor-column-gap-default\">\n\t\t\t\t\t<div class=\"elementor-column elementor-col-50 elementor-top-column elementor-element elementor-element-e0eec25\" data-id=\"e0eec25\" data-element_type=\"column\">\n\t\t\t<div class=\"elementor-widget-wrap elementor-element-populated\">\n\t\t\t\t\t\t<div class=\"elementor-element elementor-element-035b3a8 elementor-widget elementor-widget-image\" data-id=\"035b3a8\" data-element_type=\"widget\" data-widget_type=\"image.default\">\n\t\t\t\t<div class=\"elementor-widget-container\">\n\t\t\t\t\t\t\t\t\t\t\t\t\t\t\t<img fetchpriority=\"high\" decoding=\"async\" width=\"300\" height=\"300\" src=\"https:\/\/blau.expert\/app\/uploads\/2022\/09\/ueber-uns-user-1.svg\" class=\"attachment-medium size-medium wp-image-2724\" alt=\"\" \/>\t\t\t\t\t\t\t\t\t\t\t\t\t\t\t<\/div>\n\t\t\t\t<\/div>\n\t\t\t\t\t<\/div>\n\t\t<\/div>\n\t\t\t\t<div class=\"elementor-column elementor-col-50 elementor-top-column elementor-element elementor-element-dc3ff70\" data-id=\"dc3ff70\" data-element_type=\"column\">\n\t\t\t<div class=\"elementor-widget-wrap elementor-element-populated\">\n\t\t\t\t\t\t<div class=\"elementor-element elementor-element-b9aa1bb elementor-widget elementor-widget-text-editor\" data-id=\"b9aa1bb\" data-element_type=\"widget\" data-widget_type=\"text-editor.default\">\n\t\t\t\t<div class=\"elementor-widget-container\">\n\t\t\t\t\t\t\t\t\t<p>You can become part of the network by registering with your real name. Freunde (Assoziierte f\u00fcr ein Jahr) und Mitglieder (Clubmitglieder von <strong>blau.network<\/strong>) haben die M\u00f6glichkeit, der Redaktion eigene Beitr\u00e4ge f\u00fcr Ver\u00f6ffentlichungen anzubieten (Texte, Videos, Podcasts), um damit in der Community <strong>blau.expert<\/strong> mit eigenen Inhalten pr\u00e4sent und sichtbar zu sein.<\/p>\n\t\t\t\t\t\t\t\t<\/div>\n\t\t\t\t<\/div>\n\t\t\t\t\t<\/div>\n\t\t<\/div>\n\t\t\t\t\t<\/div>\n\t\t<\/section>\n\t\t\t\t<section class=\"elementor-section elementor-top-section elementor-element elementor-element-502f241 about-us-container elementor-section-content-middle elementor-section-boxed elementor-section-height-default elementor-section-height-default\" data-id=\"502f241\" data-element_type=\"section\">\n\t\t\t\t\t\t<div class=\"elementor-container elementor-column-gap-default\">\n\t\t\t\t\t<div class=\"elementor-column elementor-col-50 elementor-top-column elementor-element elementor-element-7979175\" data-id=\"7979175\" data-element_type=\"column\">\n\t\t\t<div class=\"elementor-widget-wrap elementor-element-populated\">\n\t\t\t\t\t\t<div class=\"elementor-element elementor-element-a5cc911 elementor-widget elementor-widget-text-editor\" data-id=\"a5cc911\" data-element_type=\"widget\" data-widget_type=\"text-editor.default\">\n\t\t\t\t<div class=\"elementor-widget-container\">\n\t\t\t\t\t\t\t\t\t<p>Um den Austausch unter Verantwortlichen noch zu f\u00f6rdern, gibt es <strong>blau.network<\/strong>. This exclusive club enables intensive exchange behind closed doors and with a confidential mindset. You become a member of the club by recommendation.<\/p>\n\t\t\t\t\t\t\t\t<\/div>\n\t\t\t\t<\/div>\n\t\t\t\t\t<\/div>\n\t\t<\/div>\n\t\t\t\t<div class=\"elementor-column elementor-col-50 elementor-top-column elementor-element elementor-element-f054ce5\" data-id=\"f054ce5\" data-element_type=\"column\">\n\t\t\t<div class=\"elementor-widget-wrap elementor-element-populated\">\n\t\t\t\t\t\t<div class=\"elementor-element elementor-element-34c410c elementor-widget elementor-widget-image\" data-id=\"34c410c\" data-element_type=\"widget\" data-widget_type=\"image.default\">\n\t\t\t\t<div class=\"elementor-widget-container\">\n\t\t\t\t\t\t\t\t\t\t\t\t\t\t\t<img decoding=\"async\" width=\"300\" height=\"300\" src=\"https:\/\/blau.expert\/app\/uploads\/2022\/09\/blau-network-horizontal.svg\" class=\"attachment-medium size-medium wp-image-2349\" alt=\"\" \/>\t\t\t\t\t\t\t\t\t\t\t\t\t\t\t<\/div>\n\t\t\t\t<\/div>\n\t\t\t\t\t<\/div>\n\t\t<\/div>\n\t\t\t\t\t<\/div>\n\t\t<\/section>\n\t\t\t\t<\/div>\n\t\t","protected":false},"excerpt":{"rendered":"<p>Welcome to the digital community of mittelstand! At blau.expert, doers from mittelstand, companies inform themselves about current developments in the digital scene. blau.expert traces current events, presents news from companies and bright minds, reports from research, development and the legal sector. blau.expert is made as a working tool for people in responsible positions. You can [&hellip;]<\/p>\n","protected":false},"author":1,"featured_media":0,"parent":0,"menu_order":0,"comment_status":"closed","ping_status":"closed","template":"","meta":{"_acf_changed":false,"inline_featured_image":false,"episode_type":"","audio_file":"","cover_image":"","cover_image_id":"","duration":"","filesize":"","date_recorded":"","explicit":"","block":"","filesize_raw":"","footnotes":""},"class_list":["post-2374","page","type-page","status-publish"],"acf":[],"yoast_head":"<!-- This site is optimized with the Yoast SEO plugin v24.6 - https:\/\/yoast.com\/wordpress\/plugins\/seo\/ -->\n<title>about us - Blau Network<\/title>\n<meta name=\"robots\" content=\"index, follow, max-snippet:-1, max-image-preview:large, max-video-preview:-1\" \/>\n<link rel=\"canonical\" href=\"https:\/\/blau.expert\/en\/about-us\/\" \/>\n<meta property=\"og:locale\" content=\"en_US\" \/>\n<meta property=\"og:type\" content=\"article\" \/>\n<meta property=\"og:title\" content=\"about us - Blau Network\" \/>\n<meta property=\"og:description\" content=\"Welcome to the digital community of mittelstand! At blau.expert, doers from mittelstand, companies inform themselves about current developments in the digital scene. blau.expert traces current events, presents news from companies and bright minds, reports from research, development and the legal sector. blau.expert is made as a working tool for people in responsible positions. You can [&hellip;]\" \/>\n<meta property=\"og:url\" content=\"https:\/\/blau.expert\/en\/about-us\/\" \/>\n<meta property=\"og:site_name\" content=\"Blau Network\" \/>\n<meta property=\"article:modified_time\" content=\"2022-11-02T17:17:29+00:00\" \/>\n<meta property=\"og:image\" content=\"https:\/\/blau.expert\/app\/uploads\/2022\/09\/ueber-uns-netzwerk_2.svg\" \/>\n<meta name=\"twitter:card\" content=\"summary_large_image\" \/>\n<meta name=\"twitter:label1\" content=\"Est. reading time\" \/>\n\t<meta name=\"twitter:data1\" content=\"1 minute\" \/>\n<script type=\"application\/ld+json\" class=\"yoast-schema-graph\">{\"@context\":\"https:\/\/schema.org\",\"@graph\":[{\"@type\":\"WebPage\",\"@id\":\"https:\/\/blau.expert\/en\/about-us\/\",\"url\":\"https:\/\/blau.expert\/en\/about-us\/\",\"name\":\"about us - Blau Network\",\"isPartOf\":{\"@id\":\"https:\/\/blau.expert\/en\/#website\"},\"primaryImageOfPage\":{\"@id\":\"https:\/\/blau.expert\/en\/about-us\/#primaryimage\"},\"image\":{\"@id\":\"https:\/\/blau.expert\/en\/about-us\/#primaryimage\"},\"thumbnailUrl\":\"https:\/\/blau.expert\/app\/uploads\/2022\/09\/ueber-uns-netzwerk_2.svg\",\"datePublished\":\"2022-09-06T17:25:22+00:00\",\"dateModified\":\"2022-11-02T17:17:29+00:00\",\"breadcrumb\":{\"@id\":\"https:\/\/blau.expert\/en\/about-us\/#breadcrumb\"},\"inLanguage\":\"en-US\",\"potentialAction\":[{\"@type\":\"ReadAction\",\"target\":[\"https:\/\/blau.expert\/en\/about-us\/\"]}]},{\"@type\":\"ImageObject\",\"inLanguage\":\"en-US\",\"@id\":\"https:\/\/blau.expert\/en\/about-us\/#primaryimage\",\"url\":\"https:\/\/blau.expert\/app\/uploads\/2022\/09\/ueber-uns-netzwerk_2.svg\",\"contentUrl\":\"https:\/\/blau.expert\/app\/uploads\/2022\/09\/ueber-uns-netzwerk_2.svg\"},{\"@type\":\"BreadcrumbList\",\"@id\":\"https:\/\/blau.expert\/en\/about-us\/#breadcrumb\",\"itemListElement\":[{\"@type\":\"ListItem\",\"position\":1,\"name\":\"Startseite\",\"item\":\"https:\/\/blau.expert\/en\/\"},{\"@type\":\"ListItem\",\"position\":2,\"name\":\"about us\"}]},{\"@type\":\"WebSite\",\"@id\":\"https:\/\/blau.expert\/en\/#website\",\"url\":\"https:\/\/blau.expert\/en\/\",\"name\":\"Blau Network\",\"description\":\"vertrauensvoll gemeinsam sichtbar\",\"potentialAction\":[{\"@type\":\"SearchAction\",\"target\":{\"@type\":\"EntryPoint\",\"urlTemplate\":\"https:\/\/blau.expert\/en\/?s={search_term_string}\"},\"query-input\":{\"@type\":\"PropertyValueSpecification\",\"valueRequired\":true,\"valueName\":\"search_term_string\"}}],\"inLanguage\":\"en-US\"}]}<\/script>\n<!-- \/ Yoast SEO plugin. -->","yoast_head_json":{"title":"about us - Blau Network","robots":{"index":"index","follow":"follow","max-snippet":"max-snippet:-1","max-image-preview":"max-image-preview:large","max-video-preview":"max-video-preview:-1"},"canonical":"https:\/\/blau.expert\/en\/about-us\/","og_locale":"en_US","og_type":"article","og_title":"about us - Blau Network","og_description":"Welcome to the digital community of mittelstand! At blau.expert, doers from mittelstand, companies inform themselves about current developments in the digital scene. blau.expert traces current events, presents news from companies and bright minds, reports from research, development and the legal sector. blau.expert is made as a working tool for people in responsible positions. You can [&hellip;]","og_url":"https:\/\/blau.expert\/en\/about-us\/","og_site_name":"Blau Network","article_modified_time":"2022-11-02T17:17:29+00:00","og_image":[{"url":"https:\/\/blau.expert\/app\/uploads\/2022\/09\/ueber-uns-netzwerk_2.svg","type":"","width":"","height":""}],"twitter_card":"summary_large_image","twitter_misc":{"Est. reading time":"1 minute"},"schema":{"@context":"https:\/\/schema.org","@graph":[{"@type":"WebPage","@id":"https:\/\/blau.expert\/en\/about-us\/","url":"https:\/\/blau.expert\/en\/about-us\/","name":"about us - Blau Network","isPartOf":{"@id":"https:\/\/blau.expert\/en\/#website"},"primaryImageOfPage":{"@id":"https:\/\/blau.expert\/en\/about-us\/#primaryimage"},"image":{"@id":"https:\/\/blau.expert\/en\/about-us\/#primaryimage"},"thumbnailUrl":"https:\/\/blau.expert\/app\/uploads\/2022\/09\/ueber-uns-netzwerk_2.svg","datePublished":"2022-09-06T17:25:22+00:00","dateModified":"2022-11-02T17:17:29+00:00","breadcrumb":{"@id":"https:\/\/blau.expert\/en\/about-us\/#breadcrumb"},"inLanguage":"en-US","potentialAction":[{"@type":"ReadAction","target":["https:\/\/blau.expert\/en\/about-us\/"]}]},{"@type":"ImageObject","inLanguage":"en-US","@id":"https:\/\/blau.expert\/en\/about-us\/#primaryimage","url":"https:\/\/blau.expert\/app\/uploads\/2022\/09\/ueber-uns-netzwerk_2.svg","contentUrl":"https:\/\/blau.expert\/app\/uploads\/2022\/09\/ueber-uns-netzwerk_2.svg"},{"@type":"BreadcrumbList","@id":"https:\/\/blau.expert\/en\/about-us\/#breadcrumb","itemListElement":[{"@type":"ListItem","position":1,"name":"Startseite","item":"https:\/\/blau.expert\/en\/"},{"@type":"ListItem","position":2,"name":"about us"}]},{"@type":"WebSite","@id":"https:\/\/blau.expert\/en\/#website","url":"https:\/\/blau.expert\/en\/","name":"Blau Network","description":"vertrauensvoll gemeinsam sichtbar","potentialAction":[{"@type":"SearchAction","target":{"@type":"EntryPoint","urlTemplate":"https:\/\/blau.expert\/en\/?s={search_term_string}"},"query-input":{"@type":"PropertyValueSpecification","valueRequired":true,"valueName":"search_term_string"}}],"inLanguage":"en-US"}]}},"_links":{"self":[{"href":"https:\/\/blau.expert\/en\/wp-json\/wp\/v2\/pages\/2374","targetHints":{"allow":["GET"]}}],"collection":[{"href":"https:\/\/blau.expert\/en\/wp-json\/wp\/v2\/pages"}],"about":[{"href":"https:\/\/blau.expert\/en\/wp-json\/wp\/v2\/types\/page"}],"author":[{"embeddable":true,"href":"https:\/\/blau.expert\/en\/wp-json\/wp\/v2\/users\/1"}],"replies":[{"embeddable":true,"href":"https:\/\/blau.expert\/en\/wp-json\/wp\/v2\/comments?post=2374"}],"version-history":[{"count":0,"href":"https:\/\/blau.expert\/en\/wp-json\/wp\/v2\/pages\/2374\/revisions"}],"wp:attachment":[{"href":"https:\/\/blau.expert\/en\/wp-json\/wp\/v2\/media?parent=2374"}],"curies":[{"name":"wp","href":"https:\/\/api.w.org\/{rel}","templated":true}]}}